{"id":5172,"date":"2019-01-03T19:00:37","date_gmt":"2019-01-03T19:00:37","guid":{"rendered":"http:\/\/abcon.mx\/?page_id=5172"},"modified":"2022-06-08T11:51:43","modified_gmt":"2022-06-08T16:51:43","slug":"optimizacion-de-la-empresa","status":"publish","type":"page","link":"https:\/\/www.abcon.mx\/?page_id=5172","title":{"rendered":"Optimizaci\u00f3n de la empresa"},"content":{"rendered":"\t\t<div data-elementor-type=\"wp-post\" data-elementor-id=\"5172\" class=\"elementor elementor-5172\">\n\t\t\t\t\t\t<section class=\"elementor-section elementor-top-section elementor-element elementor-element-339a1701 elementor-section-boxed elementor-section-height-default elementor-section-height-default\" data-id=\"339a1701\" data-element_type=\"section\">\n\t\t\t\t\t\t<div class=\"elementor-container elementor-column-gap-default\">\n\t\t\t\t\t<div class=\"elementor-column elementor-col-33 elementor-top-column elementor-element elementor-element-66b6a72\" data-id=\"66b6a72\" data-element_type=\"column\">\n\t\t\t<div class=\"elementor-widget-wrap elementor-element-populated\">\n\t\t\t\t\t\t<div class=\"elementor-element elementor-element-eff17c8 elementor-widget elementor-widget-spacer\" data-id=\"eff17c8\" data-element_type=\"widget\" data-widget_type=\"spacer.default\">\n\t\t\t\t<div class=\"elementor-widget-container\">\n\t\t\t\t\t\t\t<div class=\"elementor-spacer\">\n\t\t\t<div class=\"elementor-spacer-inner\"><\/div>\n\t\t<\/div>\n\t\t\t\t\t\t<\/div>\n\t\t\t\t<\/div>\n\t\t\t\t<div class=\"elementor-element elementor-element-71ba8757 elementor-view-default elementor-widget elementor-widget-icon\" data-id=\"71ba8757\" data-element_type=\"widget\" data-widget_type=\"icon.default\">\n\t\t\t\t<div class=\"elementor-widget-container\">\n\t\t\t\t\t\t\t<div class=\"elementor-icon-wrapper\">\n\t\t\t<div class=\"elementor-icon\">\n\t\t\t\t\t\t\t<i class=\"fa fa-toggle-up\" aria-hidden=\"true\"><\/i>\n\t\t\t\t\t\t<\/div>\n\t\t<\/div>\n\t\t\t\t\t\t<\/div>\n\t\t\t\t<\/div>\n\t\t\t\t\t<\/div>\n\t\t<\/div>\n\t\t\t\t<div class=\"elementor-column elementor-col-66 elementor-top-column elementor-element elementor-element-6ac8eb73\" data-id=\"6ac8eb73\" data-element_type=\"column\">\n\t\t\t<div class=\"elementor-widget-wrap elementor-element-populated\">\n\t\t\t\t\t\t<div class=\"elementor-element elementor-element-53bc4f9 elementor-widget elementor-widget-spacer\" data-id=\"53bc4f9\" data-element_type=\"widget\" data-widget_type=\"spacer.default\">\n\t\t\t\t<div class=\"elementor-widget-container\">\n\t\t\t\t\t\t\t<div class=\"elementor-spacer\">\n\t\t\t<div class=\"elementor-spacer-inner\"><\/div>\n\t\t<\/div>\n\t\t\t\t\t\t<\/div>\n\t\t\t\t<\/div>\n\t\t\t\t<div class=\"elementor-element elementor-element-78d3d5b0 elementor-widget elementor-widget-text-editor\" data-id=\"78d3d5b0\" data-element_type=\"widget\" data-widget_type=\"text-editor.default\">\n\t\t\t\t<div class=\"elementor-widget-container\">\n\t\t\t\t\t\t\t\t\t<h4 style=\"text-align: justify;\"><span style=\"font-weight: 400;\">El t\u00e9rmino de \u201crightsizing\u201d (optimizaci\u00f3n de la empresa) \u00a0es una estrategia mediante la cual se realiza un proceso de reestructuraci\u00f3n y racionalizaci\u00f3n de su organizaci\u00f3n con el prop\u00f3sito de reducir costos y mejorar sus niveles de eficiencia.<\/span><\/h4>\t\t\t\t\t\t\t\t<\/div>\n\t\t\t\t<\/div>\n\t\t\t\t<div class=\"elementor-element elementor-element-e2b9dd6 elementor-widget elementor-widget-spacer\" data-id=\"e2b9dd6\" data-element_type=\"widget\" data-widget_type=\"spacer.default\">\n\t\t\t\t<div class=\"elementor-widget-container\">\n\t\t\t\t\t\t\t<div class=\"elementor-spacer\">\n\t\t\t<div class=\"elementor-spacer-inner\"><\/div>\n\t\t<\/div>\n\t\t\t\t\t\t<\/div>\n\t\t\t\t<\/div>\n\t\t\t\t<div class=\"elementor-element elementor-element-168bdca elementor-align-right elementor-widget elementor-widget-button\" data-id=\"168bdca\" data-element_type=\"widget\" data-widget_type=\"button.default\">\n\t\t\t\t<div class=\"elementor-widget-container\">\n\t\t\t\t\t\t\t\t\t<div class=\"elementor-button-wrapper\">\n\t\t\t\t\t<a class=\"elementor-button elementor-button-link elementor-size-sm\" href=\"http:\/\/abcon.mx\/?page_id=5045\">\n\t\t\t\t\t\t<span class=\"elementor-button-content-wrapper\">\n\t\t\t\t\t\t<span class=\"elementor-button-icon\">\n\t\t\t\t\t\t\t\t\t<i class=\"fa fa-arrow-left\" aria-hidden=\"true\"><\/i>\n\t\t\t\t\t\t\t<\/span>\n\t\t\t\t\t\t\t\t\t<span class=\"elementor-button-text\">Regresar<\/span>\n\t\t\t\t\t<\/span>\n\t\t\t\t\t<\/a>\n\t\t\t\t<\/div>\n\t\t\t\t\t\t\t\t<\/div>\n\t\t\t\t<\/div>\n\t\t\t\t\t<\/div>\n\t\t<\/div>\n\t\t\t\t\t<\/div>\n\t\t<\/section>\n\t\t\t\t<section class=\"elementor-section elementor-top-section elementor-element elementor-element-5fd3597 elementor-section-boxed elementor-section-height-default elementor-section-height-default\" data-id=\"5fd3597\" data-element_type=\"section\">\n\t\t\t\t\t\t<div class=\"elementor-container elementor-column-gap-default\">\n\t\t\t\t\t<div class=\"elementor-column elementor-col-100 elementor-top-column elementor-element elementor-element-036714c\" data-id=\"036714c\" data-element_type=\"column\">\n\t\t\t<div class=\"elementor-widget-wrap elementor-element-populated\">\n\t\t\t\t\t\t<div class=\"elementor-element elementor-element-9610905 elementor-widget elementor-widget-image\" data-id=\"9610905\" data-element_type=\"widget\" data-widget_type=\"image.default\">\n\t\t\t\t<div class=\"elementor-widget-container\">\n\t\t\t\t\t\t\t\t\t\t\t\t\t\t\t<img fetchpriority=\"high\" decoding=\"async\" width=\"640\" height=\"590\" src=\"https:\/\/www.abcon.mx\/wp-content\/uploads\/2022\/06\/deadline.jpg\" class=\"attachment-medium_large size-medium_large wp-image-9660\" alt=\"\" srcset=\"https:\/\/www.abcon.mx\/wp-content\/uploads\/2022\/06\/deadline.jpg 640w, https:\/\/www.abcon.mx\/wp-content\/uploads\/2022\/06\/deadline-300x277.jpg 300w, https:\/\/www.abcon.mx\/wp-content\/uploads\/2022\/06\/deadline-560x516.jpg 560w\" sizes=\"(max-width: 640px) 100vw, 640px\" \/>\t\t\t\t\t\t\t\t\t\t\t\t\t\t\t<\/div>\n\t\t\t\t<\/div>\n\t\t\t\t\t<\/div>\n\t\t<\/div>\n\t\t\t\t\t<\/div>\n\t\t<\/section>\n\t\t\t\t<\/div>\n\t\t","protected":false},"excerpt":{"rendered":"<p>El t\u00e9rmino de \u201crightsizing\u201d (optimizaci\u00f3n de la empresa) \u00a0es una estrategia mediante la cual se realiza un proceso de reestructuraci\u00f3n y racionalizaci\u00f3n de su organizaci\u00f3n con el prop\u00f3sito de reducir costos y mejorar sus niveles de eficiencia. Regresar<\/p>\n","protected":false},"author":1,"featured_media":0,"parent":5045,"menu_order":0,"comment_status":"closed","ping_status":"closed","template":"","meta":{"_monsterinsights_skip_tracking":false,"_monsterinsights_sitenote_active":false,"_monsterinsights_sitenote_note":"","_monsterinsights_sitenote_category":0,"footnotes":""},"class_list":["post-5172","page","type-page","status-publish","hentry","no-thumb"],"aioseo_notices":[],"_links":{"self":[{"href":"https:\/\/www.abcon.mx\/index.php?rest_route=\/wp\/v2\/pages\/5172","targetHints":{"allow":["GET"]}}],"collection":[{"href":"https:\/\/www.abcon.mx\/index.php?rest_route=\/wp\/v2\/pages"}],"about":[{"href":"https:\/\/www.abcon.mx\/index.php?rest_route=\/wp\/v2\/types\/page"}],"author":[{"embeddable":true,"href":"https:\/\/www.abcon.mx\/index.php?rest_route=\/wp\/v2\/users\/1"}],"replies":[{"embeddable":true,"href":"https:\/\/www.abcon.mx\/index.php?rest_route=%2Fwp%2Fv2%2Fcomments&post=5172"}],"version-history":[{"count":12,"href":"https:\/\/www.abcon.mx\/index.php?rest_route=\/wp\/v2\/pages\/5172\/revisions"}],"predecessor-version":[{"id":9663,"href":"https:\/\/www.abcon.mx\/index.php?rest_route=\/wp\/v2\/pages\/5172\/revisions\/9663"}],"up":[{"embeddable":true,"href":"https:\/\/www.abcon.mx\/index.php?rest_route=\/wp\/v2\/pages\/5045"}],"wp:attachment":[{"href":"https:\/\/www.abcon.mx\/index.php?rest_route=%2Fwp%2Fv2%2Fmedia&parent=5172"}],"curies":[{"name":"wp","href":"https:\/\/api.w.org\/{rel}","templated":true}]}}