{"id":5240,"date":"2019-01-03T18:58:21","date_gmt":"2019-01-03T18:58:21","guid":{"rendered":"http:\/\/abcon.mx\/?page_id=5240"},"modified":"2019-07-02T14:03:33","modified_gmt":"2019-07-02T19:03:33","slug":"ethics-compliance","status":"publish","type":"page","link":"https:\/\/www.abcon.mx\/?page_id=5240","title":{"rendered":"Ethics &#038; Compliance"},"content":{"rendered":"\t\t<div data-elementor-type=\"wp-post\" data-elementor-id=\"5240\" class=\"elementor elementor-5240\">\n\t\t\t\t\t\t<section class=\"elementor-section elementor-top-section elementor-element elementor-element-e5f291b elementor-section-boxed elementor-section-height-default elementor-section-height-default\" data-id=\"e5f291b\" data-element_type=\"section\">\n\t\t\t\t\t\t<div class=\"elementor-container elementor-column-gap-default\">\n\t\t\t\t\t<div class=\"elementor-column elementor-col-33 elementor-top-column elementor-element elementor-element-7a3bf86b\" data-id=\"7a3bf86b\" data-element_type=\"column\">\n\t\t\t<div class=\"elementor-widget-wrap elementor-element-populated\">\n\t\t\t\t\t\t<div class=\"elementor-element elementor-element-1f1c6f1 elementor-widget elementor-widget-spacer\" data-id=\"1f1c6f1\" data-element_type=\"widget\" data-widget_type=\"spacer.default\">\n\t\t\t\t<div class=\"elementor-widget-container\">\n\t\t\t\t\t\t\t<div class=\"elementor-spacer\">\n\t\t\t<div class=\"elementor-spacer-inner\"><\/div>\n\t\t<\/div>\n\t\t\t\t\t\t<\/div>\n\t\t\t\t<\/div>\n\t\t\t\t<div class=\"elementor-element elementor-element-2ac8c180 elementor-view-default elementor-widget elementor-widget-icon\" data-id=\"2ac8c180\" data-element_type=\"widget\" data-widget_type=\"icon.default\">\n\t\t\t\t<div class=\"elementor-widget-container\">\n\t\t\t\t\t\t\t<div class=\"elementor-icon-wrapper\">\n\t\t\t<a class=\"elementor-icon\" href=\"http:\/\/abcon.mx\/?page_id=2622\">\n\t\t\t\t\t\t\t<i class=\"fa fa-eye\" aria-hidden=\"true\"><\/i>\n\t\t\t\t\t\t<\/a>\n\t\t<\/div>\n\t\t\t\t\t\t<\/div>\n\t\t\t\t<\/div>\n\t\t\t\t\t<\/div>\n\t\t<\/div>\n\t\t\t\t<div class=\"elementor-column elementor-col-66 elementor-top-column elementor-element elementor-element-ab0360\" data-id=\"ab0360\" data-element_type=\"column\">\n\t\t\t<div class=\"elementor-widget-wrap elementor-element-populated\">\n\t\t\t\t\t\t<div class=\"elementor-element elementor-element-d598638 elementor-widget elementor-widget-spacer\" data-id=\"d598638\" data-element_type=\"widget\" data-widget_type=\"spacer.default\">\n\t\t\t\t<div class=\"elementor-widget-container\">\n\t\t\t\t\t\t\t<div class=\"elementor-spacer\">\n\t\t\t<div class=\"elementor-spacer-inner\"><\/div>\n\t\t<\/div>\n\t\t\t\t\t\t<\/div>\n\t\t\t\t<\/div>\n\t\t\t\t<div class=\"elementor-element elementor-element-57803585 elementor-widget elementor-widget-text-editor\" data-id=\"57803585\" data-element_type=\"widget\" data-widget_type=\"text-editor.default\">\n\t\t\t\t<div class=\"elementor-widget-container\">\n\t\t\t\t\t\t\t\t\t<h4>La \u00e9tica y el cumplimiento de normas es indispensable en cualquier empresa. Tenemos un servicio especializado en temas de \u00e9tica (estudio del buen y mal comportamiento) y de cumplimiento de normas. El alcance puede ser tan simple como alinearse al c\u00f3digo de \u00e9tica de la empresa, hasta cumplir (realmente) con las normas ambientales del pa\u00eds y los acuerdos globales de protecci\u00f3n ambiental.<\/h4>\t\t\t\t\t\t\t\t<\/div>\n\t\t\t\t<\/div>\n\t\t\t\t<div class=\"elementor-element elementor-element-f075a2a elementor-widget elementor-widget-spacer\" data-id=\"f075a2a\" data-element_type=\"widget\" data-widget_type=\"spacer.default\">\n\t\t\t\t<div class=\"elementor-widget-container\">\n\t\t\t\t\t\t\t<div class=\"elementor-spacer\">\n\t\t\t<div class=\"elementor-spacer-inner\"><\/div>\n\t\t<\/div>\n\t\t\t\t\t\t<\/div>\n\t\t\t\t<\/div>\n\t\t\t\t<div class=\"elementor-element elementor-element-921359d elementor-align-right elementor-widget elementor-widget-button\" data-id=\"921359d\" data-element_type=\"widget\" data-widget_type=\"button.default\">\n\t\t\t\t<div class=\"elementor-widget-container\">\n\t\t\t\t\t\t\t\t\t<div class=\"elementor-button-wrapper\">\n\t\t\t\t\t<a class=\"elementor-button elementor-button-link elementor-size-sm\" href=\"https:\/\/www.abcon.mx\/?page_id=2622\">\n\t\t\t\t\t\t<span class=\"elementor-button-content-wrapper\">\n\t\t\t\t\t\t<span class=\"elementor-button-icon\">\n\t\t\t\t\t\t\t\t\t<i class=\"fa fa-arrow-left\" aria-hidden=\"true\"><\/i>\n\t\t\t\t\t\t\t<\/span>\n\t\t\t\t\t\t\t\t\t<span class=\"elementor-button-text\">Regresar<\/span>\n\t\t\t\t\t<\/span>\n\t\t\t\t\t<\/a>\n\t\t\t\t<\/div>\n\t\t\t\t\t\t\t\t<\/div>\n\t\t\t\t<\/div>\n\t\t\t\t\t<\/div>\n\t\t<\/div>\n\t\t\t\t\t<\/div>\n\t\t<\/section>\n\t\t\t\t<\/div>\n\t\t","protected":false},"excerpt":{"rendered":"<p>La \u00e9tica y el cumplimiento de normas es indispensable en cualquier empresa. Tenemos un servicio especializado en temas de \u00e9tica (estudio del buen y mal comportamiento) y de cumplimiento de normas. El alcance puede ser tan simple como alinearse al c\u00f3digo de \u00e9tica de la empresa, hasta cumplir (realmente) con las normas ambientales del pa\u00eds &hellip;<\/p>\n","protected":false},"author":1,"featured_media":0,"parent":2622,"menu_order":0,"comment_status":"closed","ping_status":"closed","template":"","meta":{"_monsterinsights_skip_tracking":false,"_monsterinsights_sitenote_active":false,"_monsterinsights_sitenote_note":"","_monsterinsights_sitenote_category":0,"footnotes":""},"class_list":["post-5240","page","type-page","status-publish","hentry","no-thumb"],"aioseo_notices":[],"_links":{"self":[{"href":"https:\/\/www.abcon.mx\/index.php?rest_route=\/wp\/v2\/pages\/5240","targetHints":{"allow":["GET"]}}],"collection":[{"href":"https:\/\/www.abcon.mx\/index.php?rest_route=\/wp\/v2\/pages"}],"about":[{"href":"https:\/\/www.abcon.mx\/index.php?rest_route=\/wp\/v2\/types\/page"}],"author":[{"embeddable":true,"href":"https:\/\/www.abcon.mx\/index.php?rest_route=\/wp\/v2\/users\/1"}],"replies":[{"embeddable":true,"href":"https:\/\/www.abcon.mx\/index.php?rest_route=%2Fwp%2Fv2%2Fcomments&post=5240"}],"version-history":[{"count":9,"href":"https:\/\/www.abcon.mx\/index.php?rest_route=\/wp\/v2\/pages\/5240\/revisions"}],"predecessor-version":[{"id":6977,"href":"https:\/\/www.abcon.mx\/index.php?rest_route=\/wp\/v2\/pages\/5240\/revisions\/6977"}],"up":[{"embeddable":true,"href":"https:\/\/www.abcon.mx\/index.php?rest_route=\/wp\/v2\/pages\/2622"}],"wp:attachment":[{"href":"https:\/\/www.abcon.mx\/index.php?rest_route=%2Fwp%2Fv2%2Fmedia&parent=5240"}],"curies":[{"name":"wp","href":"https:\/\/api.w.org\/{rel}","templated":true}]}}